{"id":3316,"date":"2025-03-27T11:46:11","date_gmt":"2025-03-27T10:46:11","guid":{"rendered":"https:\/\/la-suite-villa.com\/?page_id=3316"},"modified":"2025-04-07T10:16:24","modified_gmt":"2025-04-07T08:16:24","slug":"area-de-negocios","status":"publish","type":"page","link":"https:\/\/la-suite-villa.com\/es\/area-de-negocios\/","title":{"rendered":"\u00c1rea de Negocios"},"content":{"rendered":"\t\t<div data-elementor-type=\"wp-page\" data-elementor-id=\"3316\" class=\"elementor elementor-3316 elementor-15\" data-elementor-post-type=\"page\">\n\t\t\t\t<div class=\"elementor-element elementor-element-059e663 e-con-full e-flex e-con e-parent\" data-id=\"059e663\" data-element_type=\"container\" data-settings=\"{&quot;background_background&quot;:&quot;classic&quot;}\">\n\t\t<div class=\"elementor-element elementor-element-95ced6b e-flex e-con-boxed e-con e-child\" data-id=\"95ced6b\" data-element_type=\"container\">\n\t\t\t\t\t<div class=\"e-con-inner\">\n\t\t\t\t<div class=\"elementor-element elementor-element-26f7317 elementor-widget elementor-widget-heading\" data-id=\"26f7317\" data-element_type=\"widget\" data-widget_type=\"heading.default\">\n\t\t\t\t<div class=\"elementor-widget-container\">\n\t\t\t\t\t<h1 class=\"elementor-heading-title elementor-size-default\">\u00c1rea de Negocios<\/h1>\t\t\t\t<\/div>\n\t\t\t\t<\/div>\n\t\t\t\t\t<\/div>\n\t\t\t\t<\/div>\n\t\t\t\t<\/div>\n\t\t<div class=\"elementor-element elementor-element-bcf3e51 e-con-full elementor-hidden-tablet elementor-hidden-mobile_extra elementor-hidden-mobile e-flex e-con e-parent\" data-id=\"bcf3e51\" data-element_type=\"container\">\n\t\t\t\t<div class=\"elementor-element elementor-element-7913741 elementor-widget elementor-widget-shortcode\" data-id=\"7913741\" data-element_type=\"widget\" data-widget_type=\"shortcode.default\">\n\t\t\t\t<div class=\"elementor-widget-container\">\n\t\t\t\t\t\t\t<div class=\"elementor-shortcode\">    <div id=\"bloc-resa-header\">\n        \n<script>\njQuery(document).ready(function($) {\n    var lang = 'es';\n    if ($.datepicker.regional[lang]) {\n        $.datepicker.setDefaults($.datepicker.regional[lang]);\n    }\n\n   var dateFormat = lang === 'en' ? 'mm\/dd\/yy' : 'dd\/mm\/yy';\n$('.datepicker').datepicker({ dateFormat: dateFormat });\n\t\n\n    $('#input-arrival').datepicker('setDate', '+0');\n    $('#input-departing').datepicker('setDate', '+1');\n\n    $('#input-arrival').change(function(){\n        var arrivalDate = $(this).datepicker('getDate');\n        var departureDate = new Date(arrivalDate);\n        departureDate.setDate(arrivalDate.getDate() + 1);\n        $('#input-departing').datepicker('setDate', departureDate);\n    }).trigger('change');\n});\n<\/script>\n\n<div class=\"form-booking-super-container\">\n<div class=\"form-booking-container\">\n\t<form class=\"form-booking\" method=\"POST\" action='https:\/\/www.secure-hotel-booking.com\/La-Suite-Villa\/2E4N\/es\/' target='_blank' onsubmit=\"if (typeof(_gaq) != 'undefined'){_gaq.push(['_linkByPost', this]); }\">\n\t\t<div class=\"datepicker-content arrival\">\n\t\t\t<p class=\"title\">llegada<\/p>\n\t\t\t<input type=\"text\" class=\"datepicker\" id=\"input-arrival\" name=\"arrivalDate\" required \/>\n\t\t<\/div>\n\t\t<div class=\"datepicker-content departing\">\n\t\t\t<p class=\"title\">Salida<\/p>\n\t\t\t<input type=\"text\" class=\"datepicker\" id=\"input-departing\" name=\"departureDate\" required \/>\n\t\t<\/div>\n\t\t<div class=\"select-content\">\n\t\t\t<p class=\"title\">Adulto<\/p>\n\t\t\t<select id=\"select-adult\" name=\"selectedAdultCount\" required>\n\t\t\t\t<option value=\"1\" selected>1<\/option>\n\t\t\t\t<option value=\"2\">2<\/option>\n\t\t\t\t<option value=\"3\">3<\/option>\n\t\t\t\t<option value=\"4\">4<\/option>\n\t\t\t\t<option value=\"5\">5<\/option>\n\t\t\t\t<option value=\"6\">6<\/option>\n\t\t\t\t<option value=\"7\">7<\/option>\n\t\t\t<\/select>\n\t\t<\/div>\n\t\t<div class=\"submit-content\">\n\t\t\t<input type=\"submit\" class=\"booking-submit\" value=\"Reservar\" \/>\n\t\t<\/div>\n\t<\/form>\n<\/div>\n\n<div class=\"responsiveHM\">\n\t<div class=\"contact-button-container\">\n\t\t<a href=\"tel:+596596598800\">\n\t\t\t<button type=\"button\" class=\"callus\"><i class=\"fa fa-phone\"><\/i> Ll\u00e1menos<\/button>\n\t\t<\/a>\n\t\t<a href=\"https:\/\/www.secure-hotel-booking.com\/La-Suite-Villa\/2E4N\/es\" target=\"_blank\" onclick=\"if(_gaq!=null)_gaq.push(['_link', 'https:\/\/www.secure-hotel-booking.com\/La-Suite-Villa\/2E4N\/']); return false;\">\n\t\t\t<button type=\"button\" class=\"booking\"><i class=\"fa fa-calendar\"><\/i> Reservar<\/button>\n\t\t<\/a>\n\t<\/div>\n<\/div>\n<\/div>\n    <\/div>\n    <\/div>\n\t\t\t\t\t\t<\/div>\n\t\t\t\t<\/div>\n\t\t\t\t<\/div>\n\t\t<div class=\"elementor-element elementor-element-7ff75ae e-con-full e-flex e-con e-parent\" data-id=\"7ff75ae\" data-element_type=\"container\">\n\t\t<div class=\"elementor-element elementor-element-acd61c1 e-flex e-con-boxed e-con e-child\" data-id=\"acd61c1\" data-element_type=\"container\">\n\t\t\t\t\t<div class=\"e-con-inner\">\n\t\t<div class=\"elementor-element elementor-element-b4abb17 e-con-full e-flex e-con e-child\" data-id=\"b4abb17\" data-element_type=\"container\">\n\t\t\t\t<div class=\"elementor-element elementor-element-16e02db elementor-widget elementor-widget-image\" data-id=\"16e02db\" data-element_type=\"widget\" data-settings=\"{&quot;_animation&quot;:&quot;none&quot;}\" data-widget_type=\"image.default\">\n\t\t\t\t<div class=\"elementor-widget-container\">\n\t\t\t\t\t\t\t\t\t\t\t\t\t\t\t<img fetchpriority=\"high\" decoding=\"async\" width=\"661\" height=\"660\" src=\"https:\/\/la-suite-villa.com\/wp-content\/uploads\/2025\/03\/espace-affaire.webp\" class=\"elementor-animation-grow attachment-large size-large wp-image-448\" alt=\"\" srcset=\"https:\/\/la-suite-villa.com\/wp-content\/uploads\/2025\/03\/espace-affaire.webp 661w, https:\/\/la-suite-villa.com\/wp-content\/uploads\/2025\/03\/espace-affaire-300x300.webp 300w, https:\/\/la-suite-villa.com\/wp-content\/uploads\/2025\/03\/espace-affaire-150x150.webp 150w\" sizes=\"(max-width: 661px) 100vw, 661px\" \/>\t\t\t\t\t\t\t\t\t\t\t\t\t\t\t<\/div>\n\t\t\t\t<\/div>\n\t\t\t\t<\/div>\n\t\t<div class=\"elementor-element elementor-element-9da8a17 e-con-full e-flex e-con e-child\" data-id=\"9da8a17\" data-element_type=\"container\" data-settings=\"{&quot;background_background&quot;:&quot;classic&quot;}\">\n\t\t<div class=\"elementor-element elementor-element-61f4935 e-con-full animated-slow e-flex elementor-invisible e-con e-child\" data-id=\"61f4935\" data-element_type=\"container\" data-settings=\"{&quot;animation&quot;:&quot;fadeIn&quot;}\">\n\t\t\t\t<div class=\"elementor-element elementor-element-0302505 elementor-widget elementor-widget-heading\" data-id=\"0302505\" data-element_type=\"widget\" data-widget_type=\"heading.default\">\n\t\t\t\t<div class=\"elementor-widget-container\">\n\t\t\t\t\t<h2 class=\"elementor-heading-title elementor-size-default\">Seminarios en Martinica<\/h2>\t\t\t\t<\/div>\n\t\t\t\t<\/div>\n\t\t\t\t<div class=\"elementor-element elementor-element-cbf0ab4 elementor-widget-divider--view-line elementor-widget elementor-widget-divider\" data-id=\"cbf0ab4\" data-element_type=\"widget\" data-widget_type=\"divider.default\">\n\t\t\t\t<div class=\"elementor-widget-container\">\n\t\t\t\t\t\t\t<div class=\"elementor-divider\">\n\t\t\t<span class=\"elementor-divider-separator\">\n\t\t\t\t\t\t<\/span>\n\t\t<\/div>\n\t\t\t\t\t\t<\/div>\n\t\t\t\t<\/div>\n\t\t\t\t<div class=\"elementor-element elementor-element-de1dd64 elementor-widget elementor-widget-text-editor\" data-id=\"de1dd64\" data-element_type=\"widget\" data-widget_type=\"text-editor.default\">\n\t\t\t\t<div class=\"elementor-widget-container\">\n\t\t\t\t\t\t\t\t\t<p>Los profesionales tambi\u00e9n tienen derecho a un servicio de calidad en un entorno extraordinario.<\/p><p><img decoding=\"async\" class=\"alignleft size-full wp-image-2994\" src=\"https:\/\/la-suite-villa.com\/wp-content\/uploads\/2020\/04\/avion.png\" alt=\"La Suite Villa - Seminarios\" width=\"30\" height=\"30\" \/><strong>25 minutos<\/strong> del aeropuerto<\/p><p>\u00a0<\/p><p><img decoding=\"async\" class=\"alignleft size-full wp-image-2994\" src=\"https:\/\/la-suite-villa.com\/wp-content\/uploads\/2020\/04\/bus.png\" alt=\"La Suite Villa - Seminarios\" width=\"30\" height=\"30\" \/><strong>15 m<\/strong> de Fort de France en transporte mar\u00edtimo<\/p><div class=\"claro\">\u00a0<\/div><p>La Suite Villa le da la bienvenida a Trois-Ilets, un destino de ensue\u00f1o en Martinica.<\/p><p>Nuestra sala de reuniones estar\u00e1 especialmente dise\u00f1ada para usted, seg\u00fan sus expectativas.<\/p><p>&gt; Conexi\u00f3n a internet wifi<br \/>&gt; Retroproyector<br \/>&gt; Posibilidad de convertir la sala en teatro, colegio, \u201cU\u201d\u2026<\/p>\t\t\t\t\t\t\t\t<\/div>\n\t\t\t\t<\/div>\n\t\t\t\t<div class=\"elementor-element elementor-element-b0dc207 elementor-align-left elementor-widget elementor-widget-button\" data-id=\"b0dc207\" data-element_type=\"widget\" data-widget_type=\"button.default\">\n\t\t\t\t<div class=\"elementor-widget-container\">\n\t\t\t\t\t\t\t\t\t<div class=\"elementor-button-wrapper\">\n\t\t\t\t\t<a class=\"elementor-button elementor-button-link elementor-size-sm\" href=\"https:\/\/la-suite-villa.com\/es\/contactenos\/\">\n\t\t\t\t\t\t<span class=\"elementor-button-content-wrapper\">\n\t\t\t\t\t\t<span class=\"elementor-button-icon\">\n\t\t\t\t<svg aria-hidden=\"true\" class=\"e-font-icon-svg e-fas-long-arrow-alt-right\" viewBox=\"0 0 448 512\" xmlns=\"http:\/\/www.w3.org\/2000\/svg\"><path d=\"M313.941 216H12c-6.627 0-12 5.373-12 12v56c0 6.627 5.373 12 12 12h301.941v46.059c0 21.382 25.851 32.09 40.971 16.971l86.059-86.059c9.373-9.373 9.373-24.569 0-33.941l-86.059-86.059c-15.119-15.119-40.971-4.411-40.971 16.971V216z\"><\/path><\/svg>\t\t\t<\/span>\n\t\t\t\t\t\t\t\t\t<span class=\"elementor-button-text\">Cont\u00e1ctenos<\/span>\n\t\t\t\t\t<\/span>\n\t\t\t\t\t<\/a>\n\t\t\t\t<\/div>\n\t\t\t\t\t\t\t\t<\/div>\n\t\t\t\t<\/div>\n\t\t\t\t<\/div>\n\t\t\t\t<\/div>\n\t\t\t\t\t<\/div>\n\t\t\t\t<\/div>\n\t\t\t\t<\/div>\n\t\t<div class=\"elementor-element elementor-element-9d996a7 e-con-full e-flex e-con e-parent\" data-id=\"9d996a7\" data-element_type=\"container\">\n\t\t<div class=\"elementor-element elementor-element-9ccc706 e-flex e-con-boxed e-con e-child\" data-id=\"9ccc706\" data-element_type=\"container\">\n\t\t\t\t\t<div class=\"e-con-inner\">\n\t\t<div class=\"elementor-element elementor-element-b9d442c e-con-full e-flex e-con e-child\" data-id=\"b9d442c\" data-element_type=\"container\">\n\t\t\t\t<div class=\"elementor-element elementor-element-6e33168 elementor-widget elementor-widget-image\" data-id=\"6e33168\" data-element_type=\"widget\" data-settings=\"{&quot;_animation&quot;:&quot;none&quot;}\" data-widget_type=\"image.default\">\n\t\t\t\t<div class=\"elementor-widget-container\">\n\t\t\t\t\t\t\t\t\t\t\t\t\t\t\t<img loading=\"lazy\" decoding=\"async\" width=\"800\" height=\"534\" src=\"https:\/\/la-suite-villa.com\/wp-content\/uploads\/2025\/04\/seminaire-martinique-03-1024x683.webp\" class=\"elementor-animation-grow attachment-large size-large wp-image-1068\" alt=\"\" srcset=\"https:\/\/la-suite-villa.com\/wp-content\/uploads\/2025\/04\/seminaire-martinique-03-1024x683.webp 1024w, https:\/\/la-suite-villa.com\/wp-content\/uploads\/2025\/04\/seminaire-martinique-03-300x200.webp 300w, https:\/\/la-suite-villa.com\/wp-content\/uploads\/2025\/04\/seminaire-martinique-03-768x512.webp 768w, https:\/\/la-suite-villa.com\/wp-content\/uploads\/2025\/04\/seminaire-martinique-03-1536x1024.webp 1536w, https:\/\/la-suite-villa.com\/wp-content\/uploads\/2025\/04\/seminaire-martinique-03.webp 1920w\" sizes=\"(max-width: 800px) 100vw, 800px\" \/>\t\t\t\t\t\t\t\t\t\t\t\t\t\t\t<\/div>\n\t\t\t\t<\/div>\n\t\t\t\t<\/div>\n\t\t<div class=\"elementor-element elementor-element-535d3e9 e-con-full e-flex e-con e-child\" data-id=\"535d3e9\" data-element_type=\"container\" data-settings=\"{&quot;background_background&quot;:&quot;classic&quot;}\">\n\t\t<div class=\"elementor-element elementor-element-37fa723 e-con-full animated-slow e-flex elementor-invisible e-con e-child\" data-id=\"37fa723\" data-element_type=\"container\" data-settings=\"{&quot;animation&quot;:&quot;fadeIn&quot;}\">\n\t\t\t\t<div class=\"elementor-element elementor-element-78defe4 elementor-widget elementor-widget-heading\" data-id=\"78defe4\" data-element_type=\"widget\" data-widget_type=\"heading.default\">\n\t\t\t\t<div class=\"elementor-widget-container\">\n\t\t\t\t\t<h2 class=\"elementor-heading-title elementor-size-default\">NUESTROS PAQUETES<\/h2>\t\t\t\t<\/div>\n\t\t\t\t<\/div>\n\t\t\t\t<div class=\"elementor-element elementor-element-1a2ef5d elementor-widget-divider--view-line elementor-widget elementor-widget-divider\" data-id=\"1a2ef5d\" data-element_type=\"widget\" data-widget_type=\"divider.default\">\n\t\t\t\t<div class=\"elementor-widget-container\">\n\t\t\t\t\t\t\t<div class=\"elementor-divider\">\n\t\t\t<span class=\"elementor-divider-separator\">\n\t\t\t\t\t\t<\/span>\n\t\t<\/div>\n\t\t\t\t\t\t<\/div>\n\t\t\t\t<\/div>\n\t\t\t\t<div class=\"elementor-element elementor-element-42e4b02 elementor-widget elementor-widget-text-editor\" data-id=\"42e4b02\" data-element_type=\"widget\" data-widget_type=\"text-editor.default\">\n\t\t\t\t<div class=\"elementor-widget-container\">\n\t\t\t\t\t\t\t\t\t<p>Para un viaje de negocios, apreciar\u00e1 la tranquilidad y el servicio c\u00e1lido y discreto. Nuestro hotel pone a tu disposici\u00f3n diferentes tipos de ofertas, para poder combinar trabajo y relax.<\/p><p><strong>Comida de negocios<\/strong><\/p><p>Comida convencional o cena c\u00f3ctel, nuestro restaurante se adapta seg\u00fan su petici\u00f3n. Se ofrecen ofertas de comidas para grupos a la hora del almuerzo o de la noche.<br \/>Se pueden desarrollar men\u00fas con nuestro Chef para sorprender a sus invitados.<\/p><p><strong>Alojamiento<\/strong><\/p><p>Benef\u00edciese de tarifas preferenciales reservando una de nuestras 27 habitaciones, divididas en 6 suites y 9 villas.<\/p><p>Ya sea para sus seminarios, conferencias, incentivos, viajes de ocio y muchos otros, La Suite Villa puede ofrecerle una soluci\u00f3n de alojamiento a su medida.<\/p>\t\t\t\t\t\t\t\t<\/div>\n\t\t\t\t<\/div>\n\t\t\t\t<div class=\"elementor-element elementor-element-9403f80 elementor-align-left elementor-widget elementor-widget-button\" data-id=\"9403f80\" data-element_type=\"widget\" data-widget_type=\"button.default\">\n\t\t\t\t<div class=\"elementor-widget-container\">\n\t\t\t\t\t\t\t\t\t<div class=\"elementor-button-wrapper\">\n\t\t\t\t\t<a class=\"elementor-button elementor-button-link elementor-size-sm\" href=\"https:\/\/la-suite-villa.com\/es\/contactenos\/\">\n\t\t\t\t\t\t<span class=\"elementor-button-content-wrapper\">\n\t\t\t\t\t\t<span class=\"elementor-button-icon\">\n\t\t\t\t<svg aria-hidden=\"true\" class=\"e-font-icon-svg e-fas-long-arrow-alt-right\" viewBox=\"0 0 448 512\" xmlns=\"http:\/\/www.w3.org\/2000\/svg\"><path d=\"M313.941 216H12c-6.627 0-12 5.373-12 12v56c0 6.627 5.373 12 12 12h301.941v46.059c0 21.382 25.851 32.09 40.971 16.971l86.059-86.059c9.373-9.373 9.373-24.569 0-33.941l-86.059-86.059c-15.119-15.119-40.971-4.411-40.971 16.971V216z\"><\/path><\/svg>\t\t\t<\/span>\n\t\t\t\t\t\t\t\t\t<span class=\"elementor-button-text\">Cont\u00e1ctenos<\/span>\n\t\t\t\t\t<\/span>\n\t\t\t\t\t<\/a>\n\t\t\t\t<\/div>\n\t\t\t\t\t\t\t\t<\/div>\n\t\t\t\t<\/div>\n\t\t\t\t<\/div>\n\t\t\t\t<\/div>\n\t\t\t\t\t<\/div>\n\t\t\t\t<\/div>\n\t\t\t\t<\/div>\n\t\t\t\t<\/div>\n\t\t","protected":false},"excerpt":{"rendered":"<p>\u00c1rea de Negocios Seminarios en Martinica Los profesionales tambi\u00e9n tienen derecho a un servicio de calidad en un entorno extraordinario. 25 minutos del aeropuerto \u00a0 15 m de Fort de France en transporte mar\u00edtimo \u00a0 La Suite Villa le da la bienvenida a Trois-Ilets, un destino de ensue\u00f1o en Martinica. Nuestra sala de reuniones estar\u00e1 [&hellip;]<\/p>\n","protected":false},"author":2,"featured_media":0,"parent":0,"menu_order":0,"comment_status":"closed","ping_status":"closed","template":"","meta":{"footnotes":""},"class_list":["post-3316","page","type-page","status-publish","hentry"],"yoast_head":"<!-- This site is optimized with the Yoast SEO plugin v27.4 - https:\/\/yoast.com\/product\/yoast-seo-wordpress\/ -->\n<title>\u00c1rea de Negocios - La Suite Villa - H\u00f4tel de charme en Martinique<\/title>\n<meta name=\"robots\" content=\"index, follow, max-snippet:-1, max-image-preview:large, max-video-preview:-1\" \/>\n<link rel=\"canonical\" href=\"https:\/\/la-suite-villa.com\/es\/area-de-negocios\/\" \/>\n<meta property=\"og:locale\" content=\"es_ES\" \/>\n<meta property=\"og:type\" content=\"article\" \/>\n<meta property=\"og:title\" content=\"\u00c1rea de Negocios - La Suite Villa - H\u00f4tel de charme en Martinique\" \/>\n<meta property=\"og:description\" content=\"\u00c1rea de Negocios Seminarios en Martinica Los profesionales tambi\u00e9n tienen derecho a un servicio de calidad en un entorno extraordinario. 25 minutos del aeropuerto \u00a0 15 m de Fort de France en transporte mar\u00edtimo \u00a0 La Suite Villa le da la bienvenida a Trois-Ilets, un destino de ensue\u00f1o en Martinica. Nuestra sala de reuniones estar\u00e1 [&hellip;]\" \/>\n<meta property=\"og:url\" content=\"https:\/\/la-suite-villa.com\/es\/area-de-negocios\/\" \/>\n<meta property=\"og:site_name\" content=\"La Suite Villa - H\u00f4tel de charme en Martinique\" \/>\n<meta property=\"article:modified_time\" content=\"2025-04-07T08:16:24+00:00\" \/>\n<meta property=\"og:image\" content=\"https:\/\/la-suite-villa.com\/wp-content\/uploads\/2025\/03\/espace-affaire.webp\" \/>\n\t<meta property=\"og:image:width\" content=\"661\" \/>\n\t<meta property=\"og:image:height\" content=\"660\" \/>\n\t<meta property=\"og:image:type\" content=\"image\/webp\" \/>\n<meta name=\"twitter:card\" content=\"summary_large_image\" \/>\n<meta name=\"twitter:label1\" content=\"Tiempo de lectura\" \/>\n\t<meta name=\"twitter:data1\" content=\"2 minutos\" \/>\n<script type=\"application\/ld+json\" class=\"yoast-schema-graph\">{\"@context\":\"https:\\\/\\\/schema.org\",\"@graph\":[{\"@type\":\"WebPage\",\"@id\":\"https:\\\/\\\/la-suite-villa.com\\\/es\\\/area-de-negocios\\\/\",\"url\":\"https:\\\/\\\/la-suite-villa.com\\\/es\\\/area-de-negocios\\\/\",\"name\":\"\u00c1rea de Negocios - La Suite Villa - H\u00f4tel de charme en Martinique\",\"isPartOf\":{\"@id\":\"https:\\\/\\\/la-suite-villa.com\\\/#website\"},\"primaryImageOfPage\":{\"@id\":\"https:\\\/\\\/la-suite-villa.com\\\/es\\\/area-de-negocios\\\/#primaryimage\"},\"image\":{\"@id\":\"https:\\\/\\\/la-suite-villa.com\\\/es\\\/area-de-negocios\\\/#primaryimage\"},\"thumbnailUrl\":\"https:\\\/\\\/la-suite-villa.com\\\/wp-content\\\/uploads\\\/2025\\\/03\\\/espace-affaire.webp\",\"datePublished\":\"2025-03-27T10:46:11+00:00\",\"dateModified\":\"2025-04-07T08:16:24+00:00\",\"breadcrumb\":{\"@id\":\"https:\\\/\\\/la-suite-villa.com\\\/es\\\/area-de-negocios\\\/#breadcrumb\"},\"inLanguage\":\"es\",\"potentialAction\":[{\"@type\":\"ReadAction\",\"target\":[\"https:\\\/\\\/la-suite-villa.com\\\/es\\\/area-de-negocios\\\/\"]}]},{\"@type\":\"ImageObject\",\"inLanguage\":\"es\",\"@id\":\"https:\\\/\\\/la-suite-villa.com\\\/es\\\/area-de-negocios\\\/#primaryimage\",\"url\":\"https:\\\/\\\/la-suite-villa.com\\\/wp-content\\\/uploads\\\/2025\\\/03\\\/espace-affaire.webp\",\"contentUrl\":\"https:\\\/\\\/la-suite-villa.com\\\/wp-content\\\/uploads\\\/2025\\\/03\\\/espace-affaire.webp\"},{\"@type\":\"BreadcrumbList\",\"@id\":\"https:\\\/\\\/la-suite-villa.com\\\/es\\\/area-de-negocios\\\/#breadcrumb\",\"itemListElement\":[{\"@type\":\"ListItem\",\"position\":1,\"name\":\"Accueil\",\"item\":\"https:\\\/\\\/la-suite-villa.com\\\/es\\\/\"},{\"@type\":\"ListItem\",\"position\":2,\"name\":\"\u00c1rea de Negocios\"}]},{\"@type\":\"WebSite\",\"@id\":\"https:\\\/\\\/la-suite-villa.com\\\/#website\",\"url\":\"https:\\\/\\\/la-suite-villa.com\\\/\",\"name\":\"La Suite Villa - H\u00f4tel de charme en Martinique\",\"description\":\"\",\"publisher\":{\"@id\":\"https:\\\/\\\/la-suite-villa.com\\\/#organization\"},\"potentialAction\":[{\"@type\":\"SearchAction\",\"target\":{\"@type\":\"EntryPoint\",\"urlTemplate\":\"https:\\\/\\\/la-suite-villa.com\\\/?s={search_term_string}\"},\"query-input\":{\"@type\":\"PropertyValueSpecification\",\"valueRequired\":true,\"valueName\":\"search_term_string\"}}],\"inLanguage\":\"es\"},{\"@type\":\"Organization\",\"@id\":\"https:\\\/\\\/la-suite-villa.com\\\/#organization\",\"name\":\"La Suite Villa - H\u00f4tel de charme en Martinique\",\"url\":\"https:\\\/\\\/la-suite-villa.com\\\/\",\"logo\":{\"@type\":\"ImageObject\",\"inLanguage\":\"es\",\"@id\":\"https:\\\/\\\/la-suite-villa.com\\\/#\\\/schema\\\/logo\\\/image\\\/\",\"url\":\"https:\\\/\\\/la-suite-villa.com\\\/wp-content\\\/uploads\\\/2025\\\/03\\\/logo-slider_rose.png\",\"contentUrl\":\"https:\\\/\\\/la-suite-villa.com\\\/wp-content\\\/uploads\\\/2025\\\/03\\\/logo-slider_rose.png\",\"width\":380,\"height\":270,\"caption\":\"La Suite Villa - H\u00f4tel de charme en Martinique\"},\"image\":{\"@id\":\"https:\\\/\\\/la-suite-villa.com\\\/#\\\/schema\\\/logo\\\/image\\\/\"}}]}<\/script>\n<!-- \/ Yoast SEO plugin. -->","yoast_head_json":{"title":"\u00c1rea de Negocios - La Suite Villa - H\u00f4tel de charme en Martinique","robots":{"index":"index","follow":"follow","max-snippet":"max-snippet:-1","max-image-preview":"max-image-preview:large","max-video-preview":"max-video-preview:-1"},"canonical":"https:\/\/la-suite-villa.com\/es\/area-de-negocios\/","og_locale":"es_ES","og_type":"article","og_title":"\u00c1rea de Negocios - La Suite Villa - H\u00f4tel de charme en Martinique","og_description":"\u00c1rea de Negocios Seminarios en Martinica Los profesionales tambi\u00e9n tienen derecho a un servicio de calidad en un entorno extraordinario. 25 minutos del aeropuerto \u00a0 15 m de Fort de France en transporte mar\u00edtimo \u00a0 La Suite Villa le da la bienvenida a Trois-Ilets, un destino de ensue\u00f1o en Martinica. Nuestra sala de reuniones estar\u00e1 [&hellip;]","og_url":"https:\/\/la-suite-villa.com\/es\/area-de-negocios\/","og_site_name":"La Suite Villa - H\u00f4tel de charme en Martinique","article_modified_time":"2025-04-07T08:16:24+00:00","og_image":[{"width":661,"height":660,"url":"https:\/\/la-suite-villa.com\/wp-content\/uploads\/2025\/03\/espace-affaire.webp","type":"image\/webp"}],"twitter_card":"summary_large_image","twitter_misc":{"Tiempo de lectura":"2 minutos"},"schema":{"@context":"https:\/\/schema.org","@graph":[{"@type":"WebPage","@id":"https:\/\/la-suite-villa.com\/es\/area-de-negocios\/","url":"https:\/\/la-suite-villa.com\/es\/area-de-negocios\/","name":"\u00c1rea de Negocios - La Suite Villa - H\u00f4tel de charme en Martinique","isPartOf":{"@id":"https:\/\/la-suite-villa.com\/#website"},"primaryImageOfPage":{"@id":"https:\/\/la-suite-villa.com\/es\/area-de-negocios\/#primaryimage"},"image":{"@id":"https:\/\/la-suite-villa.com\/es\/area-de-negocios\/#primaryimage"},"thumbnailUrl":"https:\/\/la-suite-villa.com\/wp-content\/uploads\/2025\/03\/espace-affaire.webp","datePublished":"2025-03-27T10:46:11+00:00","dateModified":"2025-04-07T08:16:24+00:00","breadcrumb":{"@id":"https:\/\/la-suite-villa.com\/es\/area-de-negocios\/#breadcrumb"},"inLanguage":"es","potentialAction":[{"@type":"ReadAction","target":["https:\/\/la-suite-villa.com\/es\/area-de-negocios\/"]}]},{"@type":"ImageObject","inLanguage":"es","@id":"https:\/\/la-suite-villa.com\/es\/area-de-negocios\/#primaryimage","url":"https:\/\/la-suite-villa.com\/wp-content\/uploads\/2025\/03\/espace-affaire.webp","contentUrl":"https:\/\/la-suite-villa.com\/wp-content\/uploads\/2025\/03\/espace-affaire.webp"},{"@type":"BreadcrumbList","@id":"https:\/\/la-suite-villa.com\/es\/area-de-negocios\/#breadcrumb","itemListElement":[{"@type":"ListItem","position":1,"name":"Accueil","item":"https:\/\/la-suite-villa.com\/es\/"},{"@type":"ListItem","position":2,"name":"\u00c1rea de Negocios"}]},{"@type":"WebSite","@id":"https:\/\/la-suite-villa.com\/#website","url":"https:\/\/la-suite-villa.com\/","name":"La Suite Villa - H\u00f4tel de charme en Martinique","description":"","publisher":{"@id":"https:\/\/la-suite-villa.com\/#organization"},"potentialAction":[{"@type":"SearchAction","target":{"@type":"EntryPoint","urlTemplate":"https:\/\/la-suite-villa.com\/?s={search_term_string}"},"query-input":{"@type":"PropertyValueSpecification","valueRequired":true,"valueName":"search_term_string"}}],"inLanguage":"es"},{"@type":"Organization","@id":"https:\/\/la-suite-villa.com\/#organization","name":"La Suite Villa - H\u00f4tel de charme en Martinique","url":"https:\/\/la-suite-villa.com\/","logo":{"@type":"ImageObject","inLanguage":"es","@id":"https:\/\/la-suite-villa.com\/#\/schema\/logo\/image\/","url":"https:\/\/la-suite-villa.com\/wp-content\/uploads\/2025\/03\/logo-slider_rose.png","contentUrl":"https:\/\/la-suite-villa.com\/wp-content\/uploads\/2025\/03\/logo-slider_rose.png","width":380,"height":270,"caption":"La Suite Villa - H\u00f4tel de charme en Martinique"},"image":{"@id":"https:\/\/la-suite-villa.com\/#\/schema\/logo\/image\/"}}]}},"_links":{"self":[{"href":"https:\/\/la-suite-villa.com\/es\/wp-json\/wp\/v2\/pages\/3316","targetHints":{"allow":["GET"]}}],"collection":[{"href":"https:\/\/la-suite-villa.com\/es\/wp-json\/wp\/v2\/pages"}],"about":[{"href":"https:\/\/la-suite-villa.com\/es\/wp-json\/wp\/v2\/types\/page"}],"author":[{"embeddable":true,"href":"https:\/\/la-suite-villa.com\/es\/wp-json\/wp\/v2\/users\/2"}],"replies":[{"embeddable":true,"href":"https:\/\/la-suite-villa.com\/es\/wp-json\/wp\/v2\/comments?post=3316"}],"version-history":[{"count":7,"href":"https:\/\/la-suite-villa.com\/es\/wp-json\/wp\/v2\/pages\/3316\/revisions"}],"predecessor-version":[{"id":3323,"href":"https:\/\/la-suite-villa.com\/es\/wp-json\/wp\/v2\/pages\/3316\/revisions\/3323"}],"wp:attachment":[{"href":"https:\/\/la-suite-villa.com\/es\/wp-json\/wp\/v2\/media?parent=3316"}],"curies":[{"name":"wp","href":"https:\/\/api.w.org\/{rel}","templated":true}]}}