{"id":3275,"date":"2025-03-27T11:45:42","date_gmt":"2025-03-27T10:45:42","guid":{"rendered":"https:\/\/la-suite-villa.com\/?page_id=3275"},"modified":"2025-04-07T09:51:07","modified_gmt":"2025-04-07T07:51:07","slug":"spa","status":"publish","type":"page","link":"https:\/\/la-suite-villa.com\/es\/spa\/","title":{"rendered":"Spa"},"content":{"rendered":"\t\t<div data-elementor-type=\"wp-page\" data-elementor-id=\"3275\" class=\"elementor elementor-3275 elementor-11\" data-elementor-post-type=\"page\">\n\t\t\t\t<div class=\"elementor-element elementor-element-aa35e62 e-con-full e-flex e-con e-parent\" data-id=\"aa35e62\" data-element_type=\"container\" data-settings=\"{&quot;background_background&quot;:&quot;classic&quot;}\">\n\t\t<div class=\"elementor-element elementor-element-4cdf6bb e-flex e-con-boxed e-con e-child\" data-id=\"4cdf6bb\" data-element_type=\"container\">\n\t\t\t\t\t<div class=\"e-con-inner\">\n\t\t\t\t<div class=\"elementor-element elementor-element-a573dbc elementor-widget elementor-widget-heading\" data-id=\"a573dbc\" data-element_type=\"widget\" data-widget_type=\"heading.default\">\n\t\t\t\t<div class=\"elementor-widget-container\">\n\t\t\t\t\t<h1 class=\"elementor-heading-title elementor-size-default\">Experiencia de spa en La Suite Villa<\/h1>\t\t\t\t<\/div>\n\t\t\t\t<\/div>\n\t\t\t\t\t<\/div>\n\t\t\t\t<\/div>\n\t\t\t\t<\/div>\n\t\t<div class=\"elementor-element elementor-element-8386457 e-con-full elementor-hidden-tablet elementor-hidden-mobile_extra elementor-hidden-mobile e-flex e-con e-parent\" data-id=\"8386457\" data-element_type=\"container\">\n\t\t\t\t<div class=\"elementor-element elementor-element-6a8563a elementor-widget elementor-widget-shortcode\" data-id=\"6a8563a\" data-element_type=\"widget\" data-widget_type=\"shortcode.default\">\n\t\t\t\t<div class=\"elementor-widget-container\">\n\t\t\t\t\t\t\t<div class=\"elementor-shortcode\">    <div id=\"bloc-resa-header\">\n        \n<script>\njQuery(document).ready(function($) {\n    var lang = 'es';\n    if ($.datepicker.regional[lang]) {\n        $.datepicker.setDefaults($.datepicker.regional[lang]);\n    }\n\n   var dateFormat = lang === 'en' ? 'mm\/dd\/yy' : 'dd\/mm\/yy';\n$('.datepicker').datepicker({ dateFormat: dateFormat });\n\t\n\n    $('#input-arrival').datepicker('setDate', '+0');\n    $('#input-departing').datepicker('setDate', '+1');\n\n    $('#input-arrival').change(function(){\n        var arrivalDate = $(this).datepicker('getDate');\n        var departureDate = new Date(arrivalDate);\n        departureDate.setDate(arrivalDate.getDate() + 1);\n        $('#input-departing').datepicker('setDate', departureDate);\n    }).trigger('change');\n});\n<\/script>\n\n<div class=\"form-booking-super-container\">\n<div class=\"form-booking-container\">\n\t<form class=\"form-booking\" method=\"POST\" action='https:\/\/www.secure-hotel-booking.com\/La-Suite-Villa\/2E4N\/es\/' target='_blank' onsubmit=\"if (typeof(_gaq) != 'undefined'){_gaq.push(['_linkByPost', this]); }\">\n\t\t<div class=\"datepicker-content arrival\">\n\t\t\t<p class=\"title\">llegada<\/p>\n\t\t\t<input type=\"text\" class=\"datepicker\" id=\"input-arrival\" name=\"arrivalDate\" required \/>\n\t\t<\/div>\n\t\t<div class=\"datepicker-content departing\">\n\t\t\t<p class=\"title\">Salida<\/p>\n\t\t\t<input type=\"text\" class=\"datepicker\" id=\"input-departing\" name=\"departureDate\" required \/>\n\t\t<\/div>\n\t\t<div class=\"select-content\">\n\t\t\t<p class=\"title\">Adulto<\/p>\n\t\t\t<select id=\"select-adult\" name=\"selectedAdultCount\" required>\n\t\t\t\t<option value=\"1\" selected>1<\/option>\n\t\t\t\t<option value=\"2\">2<\/option>\n\t\t\t\t<option value=\"3\">3<\/option>\n\t\t\t\t<option value=\"4\">4<\/option>\n\t\t\t\t<option value=\"5\">5<\/option>\n\t\t\t\t<option value=\"6\">6<\/option>\n\t\t\t\t<option value=\"7\">7<\/option>\n\t\t\t<\/select>\n\t\t<\/div>\n\t\t<div class=\"submit-content\">\n\t\t\t<input type=\"submit\" class=\"booking-submit\" value=\"Reservar\" \/>\n\t\t<\/div>\n\t<\/form>\n<\/div>\n\n<div class=\"responsiveHM\">\n\t<div class=\"contact-button-container\">\n\t\t<a href=\"tel:+596596598800\">\n\t\t\t<button type=\"button\" class=\"callus\"><i class=\"fa fa-phone\"><\/i> Ll\u00e1menos<\/button>\n\t\t<\/a>\n\t\t<a href=\"https:\/\/www.secure-hotel-booking.com\/La-Suite-Villa\/2E4N\/es\" target=\"_blank\" onclick=\"if(_gaq!=null)_gaq.push(['_link', 'https:\/\/www.secure-hotel-booking.com\/La-Suite-Villa\/2E4N\/']); return false;\">\n\t\t\t<button type=\"button\" class=\"booking\"><i class=\"fa fa-calendar\"><\/i> Reservar<\/button>\n\t\t<\/a>\n\t<\/div>\n<\/div>\n<\/div>\n    <\/div>\n    <\/div>\n\t\t\t\t\t\t<\/div>\n\t\t\t\t<\/div>\n\t\t\t\t<\/div>\n\t\t<div class=\"elementor-element elementor-element-90aec03 e-con-full e-flex e-con e-parent\" data-id=\"90aec03\" data-element_type=\"container\">\n\t\t<div class=\"elementor-element elementor-element-67f4a8e e-flex e-con-boxed e-con e-child\" data-id=\"67f4a8e\" data-element_type=\"container\">\n\t\t\t\t\t<div class=\"e-con-inner\">\n\t\t<div class=\"elementor-element elementor-element-b8b3433 e-con-full e-flex e-con e-child\" data-id=\"b8b3433\" data-element_type=\"container\">\n\t\t\t\t<div class=\"elementor-element elementor-element-c9e5026 elementor-widget elementor-widget-image\" data-id=\"c9e5026\" data-element_type=\"widget\" data-settings=\"{&quot;_animation&quot;:&quot;none&quot;}\" data-widget_type=\"image.default\">\n\t\t\t\t<div class=\"elementor-widget-container\">\n\t\t\t\t\t\t\t\t\t\t\t\t\t\t\t<img fetchpriority=\"high\" decoding=\"async\" width=\"800\" height=\"533\" src=\"https:\/\/la-suite-villa.com\/wp-content\/uploads\/2025\/04\/spa-martinique2-min-1024x682.webp\" class=\"elementor-animation-grow attachment-large size-large wp-image-994\" alt=\"\" srcset=\"https:\/\/la-suite-villa.com\/wp-content\/uploads\/2025\/04\/spa-martinique2-min-1024x682.webp 1024w, https:\/\/la-suite-villa.com\/wp-content\/uploads\/2025\/04\/spa-martinique2-min-300x200.webp 300w, https:\/\/la-suite-villa.com\/wp-content\/uploads\/2025\/04\/spa-martinique2-min-768x512.webp 768w, https:\/\/la-suite-villa.com\/wp-content\/uploads\/2025\/04\/spa-martinique2-min-1536x1024.webp 1536w, https:\/\/la-suite-villa.com\/wp-content\/uploads\/2025\/04\/spa-martinique2-min.webp 2000w\" sizes=\"(max-width: 800px) 100vw, 800px\" \/>\t\t\t\t\t\t\t\t\t\t\t\t\t\t\t<\/div>\n\t\t\t\t<\/div>\n\t\t\t\t<\/div>\n\t\t<div class=\"elementor-element elementor-element-6b17458 e-con-full e-flex e-con e-child\" data-id=\"6b17458\" data-element_type=\"container\" data-settings=\"{&quot;background_background&quot;:&quot;classic&quot;}\">\n\t\t<div class=\"elementor-element elementor-element-58462ac e-con-full animated-slow e-flex elementor-invisible e-con e-child\" data-id=\"58462ac\" data-element_type=\"container\" data-settings=\"{&quot;animation&quot;:&quot;fadeIn&quot;}\">\n\t\t\t\t<div class=\"elementor-element elementor-element-d6b2122 elementor-widget elementor-widget-heading\" data-id=\"d6b2122\" data-element_type=\"widget\" data-widget_type=\"heading.default\">\n\t\t\t\t<div class=\"elementor-widget-container\">\n\t\t\t\t\t<h2 class=\"elementor-heading-title elementor-size-default\">Nuestro spa frente al mar<\/h2>\t\t\t\t<\/div>\n\t\t\t\t<\/div>\n\t\t\t\t<div class=\"elementor-element elementor-element-0bf0628 elementor-widget-divider--view-line elementor-widget elementor-widget-divider\" data-id=\"0bf0628\" data-element_type=\"widget\" data-widget_type=\"divider.default\">\n\t\t\t\t<div class=\"elementor-widget-container\">\n\t\t\t\t\t\t\t<div class=\"elementor-divider\">\n\t\t\t<span class=\"elementor-divider-separator\">\n\t\t\t\t\t\t<\/span>\n\t\t<\/div>\n\t\t\t\t\t\t<\/div>\n\t\t\t\t<\/div>\n\t\t\t\t<div class=\"elementor-element elementor-element-0611d41 elementor-widget elementor-widget-text-editor\" data-id=\"0611d41\" data-element_type=\"widget\" data-widget_type=\"text-editor.default\">\n\t\t\t\t<div class=\"elementor-widget-container\">\n\t\t\t\t\t\t\t\t\t<p>En colaboraci\u00f3n con L&#8217;OCCITANE, una prestigiosa marca de cosm\u00e9ticos del sur de Francia, hemos creado un remanso de paz con vistas a la bah\u00eda de Fort de France.<br \/>El aire del mar, las manos expertas de nuestros profesionales, los aromas de productos excepcionales, cada detalle es una invitaci\u00f3n a la relajaci\u00f3n.<br \/>Masajes, tratamientos faciales; Una multitud de posibilidades est\u00e1n disponibles para usted.<\/p><p>Despu\u00e9s de tu tratamiento, rel\u00e1jate en el jacuzzi o en nuestra piscina infinita mientras saboreas uno de nuestros c\u00f3cteles.<br \/>Olv\u00eddese de las exigencias de la vida cotidiana y aproveche al m\u00e1ximo el momento presente.<\/p><p>Nuestros profesionales le dan la bienvenida todos los d\u00edas con cita previa.<\/p><p>*******<\/p><p>Tambi\u00e9n ofrecemos sonoterapia con cuencos tibetanos, una terapia complementaria que utiliza el sonido y las vibraciones de cuencos tibetanos y cuencos de cristal. En una sesi\u00f3n de relajaci\u00f3n o masaje sonoro y vibratorio, esta poderosa t\u00e9cnica armonizadora te proporcionar\u00e1 una relajaci\u00f3n profunda pero tambi\u00e9n un alivio de las tensiones f\u00edsicas y psicol\u00f3gicas.<\/p>\t\t\t\t\t\t\t\t<\/div>\n\t\t\t\t<\/div>\n\t\t\t\t<div class=\"elementor-element elementor-element-532e575 elementor-align-left elementor-widget elementor-widget-button\" data-id=\"532e575\" data-element_type=\"widget\" data-widget_type=\"button.default\">\n\t\t\t\t<div class=\"elementor-widget-container\">\n\t\t\t\t\t\t\t\t\t<div class=\"elementor-button-wrapper\">\n\t\t\t\t\t<a class=\"elementor-button elementor-button-link elementor-size-sm\" href=\"https:\/\/la-suite-villa.com\/wp-content\/uploads\/2025\/04\/Carte-des-Soins-2023.pdf\">\n\t\t\t\t\t\t<span class=\"elementor-button-content-wrapper\">\n\t\t\t\t\t\t<span class=\"elementor-button-icon\">\n\t\t\t\t<svg aria-hidden=\"true\" class=\"e-font-icon-svg e-fas-long-arrow-alt-right\" viewBox=\"0 0 448 512\" xmlns=\"http:\/\/www.w3.org\/2000\/svg\"><path d=\"M313.941 216H12c-6.627 0-12 5.373-12 12v56c0 6.627 5.373 12 12 12h301.941v46.059c0 21.382 25.851 32.09 40.971 16.971l86.059-86.059c9.373-9.373 9.373-24.569 0-33.941l-86.059-86.059c-15.119-15.119-40.971-4.411-40.971 16.971V216z\"><\/path><\/svg>\t\t\t<\/span>\n\t\t\t\t\t\t\t\t\t<span class=\"elementor-button-text\">Descubre el men\u00fa de cuidados<\/span>\n\t\t\t\t\t<\/span>\n\t\t\t\t\t<\/a>\n\t\t\t\t<\/div>\n\t\t\t\t\t\t\t\t<\/div>\n\t\t\t\t<\/div>\n\t\t\t\t<div class=\"elementor-element elementor-element-eb1fddc elementor-align-left elementor-widget elementor-widget-button\" data-id=\"eb1fddc\" data-element_type=\"widget\" data-widget_type=\"button.default\">\n\t\t\t\t<div class=\"elementor-widget-container\">\n\t\t\t\t\t\t\t\t\t<div class=\"elementor-button-wrapper\">\n\t\t\t\t\t<a class=\"elementor-button elementor-button-link elementor-size-sm\" href=\"https:\/\/la-suite-villa.com\/wp-content\/uploads\/2025\/04\/Carte-sonotherapie-2025.pdf\">\n\t\t\t\t\t\t<span class=\"elementor-button-content-wrapper\">\n\t\t\t\t\t\t<span class=\"elementor-button-icon\">\n\t\t\t\t<svg aria-hidden=\"true\" class=\"e-font-icon-svg e-fas-long-arrow-alt-right\" viewBox=\"0 0 448 512\" xmlns=\"http:\/\/www.w3.org\/2000\/svg\"><path d=\"M313.941 216H12c-6.627 0-12 5.373-12 12v56c0 6.627 5.373 12 12 12h301.941v46.059c0 21.382 25.851 32.09 40.971 16.971l86.059-86.059c9.373-9.373 9.373-24.569 0-33.941l-86.059-86.059c-15.119-15.119-40.971-4.411-40.971 16.971V216z\"><\/path><\/svg>\t\t\t<\/span>\n\t\t\t\t\t\t\t\t\t<span class=\"elementor-button-text\">Descubre el men\u00fa de tratamientos de sonoterapia<\/span>\n\t\t\t\t\t<\/span>\n\t\t\t\t\t<\/a>\n\t\t\t\t<\/div>\n\t\t\t\t\t\t\t\t<\/div>\n\t\t\t\t<\/div>\n\t\t\t\t<\/div>\n\t\t\t\t<\/div>\n\t\t\t\t\t<\/div>\n\t\t\t\t<\/div>\n\t\t\t\t<\/div>\n\t\t<div class=\"elementor-element elementor-element-d7bbbaa e-con-full e-flex e-con e-parent\" data-id=\"d7bbbaa\" data-element_type=\"container\" data-settings=\"{&quot;background_background&quot;:&quot;classic&quot;}\">\n\t\t\t\t<div class=\"elementor-element elementor-element-c059456 elementor-widget elementor-widget-shortcode\" data-id=\"c059456\" data-element_type=\"widget\" data-widget_type=\"shortcode.default\">\n\t\t\t\t<div class=\"elementor-widget-container\">\n\t\t\t\t\t\t\t<div class=\"elementor-shortcode\">\t\t<div data-elementor-type=\"container\" data-elementor-id=\"3277\" class=\"elementor elementor-3277 elementor-1037\" data-elementor-post-type=\"elementor_library\">\n\t\t\t\t<div class=\"elementor-element elementor-element-6e379dff e-con-full e-flex e-con e-parent\" data-id=\"6e379dff\" data-element_type=\"container\" data-settings=\"{&quot;background_background&quot;:&quot;classic&quot;}\">\n\t\t<div class=\"elementor-element elementor-element-359e81d7 e-flex e-con-boxed e-con e-child\" data-id=\"359e81d7\" data-element_type=\"container\">\n\t\t\t\t\t<div class=\"e-con-inner\">\n\t\t<div class=\"elementor-element elementor-element-2b79ab7a e-con-full e-flex e-con e-child\" data-id=\"2b79ab7a\" data-element_type=\"container\">\n\t\t\t\t<div class=\"elementor-element elementor-element-4bd644b4 elementor-widget elementor-widget-heading\" data-id=\"4bd644b4\" data-element_type=\"widget\" data-widget_type=\"heading.default\">\n\t\t\t\t<div class=\"elementor-widget-container\">\n\t\t\t\t\t<h2 class=\"elementor-heading-title elementor-size-default\">Descubre nuestro spa\n<\/br>\n<span style=\"color:#E5264C\">en v\u00eddeo...<\/span><\/h2>\t\t\t\t<\/div>\n\t\t\t\t<\/div>\n\t\t\t\t<div class=\"elementor-element elementor-element-120469b1 elementor-widget elementor-widget-video\" data-id=\"120469b1\" data-element_type=\"widget\" data-settings=\"{&quot;youtube_url&quot;:&quot;https:\\\/\\\/youtu.be\\\/WjrCcJciAek?si=5SIyP9ZEku7kKD33&quot;,&quot;video_type&quot;:&quot;youtube&quot;,&quot;controls&quot;:&quot;yes&quot;}\" data-widget_type=\"video.default\">\n\t\t\t\t<div class=\"elementor-widget-container\">\n\t\t\t\t\t\t\t<div class=\"elementor-wrapper elementor-open-inline\">\n\t\t\t<div class=\"elementor-video\"><\/div>\t\t<\/div>\n\t\t\t\t\t\t<\/div>\n\t\t\t\t<\/div>\n\t\t\t\t<\/div>\n\t\t\t\t\t<\/div>\n\t\t\t\t<\/div>\n\t\t\t\t<\/div>\n\t\t\t\t<\/div>\n\t\t<\/div>\n\t\t\t\t\t\t<\/div>\n\t\t\t\t<\/div>\n\t\t\t\t<\/div>\n\t\t\t\t<\/div>\n\t\t","protected":false},"excerpt":{"rendered":"<p>Experiencia de spa en La Suite Villa Nuestro spa frente al mar En colaboraci\u00f3n con L&#8217;OCCITANE, una prestigiosa marca de cosm\u00e9ticos del sur de Francia, hemos creado un remanso de paz con vistas a la bah\u00eda de Fort de France.El aire del mar, las manos expertas de nuestros profesionales, los aromas de productos excepcionales, cada [&hellip;]<\/p>\n","protected":false},"author":2,"featured_media":0,"parent":0,"menu_order":0,"comment_status":"closed","ping_status":"closed","template":"","meta":{"footnotes":""},"class_list":["post-3275","page","type-page","status-publish","hentry"],"yoast_head":"<!-- This site is optimized with the Yoast SEO plugin v27.4 - https:\/\/yoast.com\/product\/yoast-seo-wordpress\/ -->\n<title>Spa - La Suite Villa - H\u00f4tel de charme en Martinique<\/title>\n<meta name=\"robots\" content=\"index, follow, max-snippet:-1, max-image-preview:large, max-video-preview:-1\" \/>\n<link rel=\"canonical\" href=\"https:\/\/la-suite-villa.com\/es\/spa\/\" \/>\n<meta property=\"og:locale\" content=\"es_ES\" \/>\n<meta property=\"og:type\" content=\"article\" \/>\n<meta property=\"og:title\" content=\"Spa - La Suite Villa - H\u00f4tel de charme en Martinique\" \/>\n<meta property=\"og:description\" content=\"Experiencia de spa en La Suite Villa Nuestro spa frente al mar En colaboraci\u00f3n con L&#8217;OCCITANE, una prestigiosa marca de cosm\u00e9ticos del sur de Francia, hemos creado un remanso de paz con vistas a la bah\u00eda de Fort de France.El aire del mar, las manos expertas de nuestros profesionales, los aromas de productos excepcionales, cada [&hellip;]\" \/>\n<meta property=\"og:url\" content=\"https:\/\/la-suite-villa.com\/es\/spa\/\" \/>\n<meta property=\"og:site_name\" content=\"La Suite Villa - H\u00f4tel de charme en Martinique\" \/>\n<meta property=\"article:modified_time\" content=\"2025-04-07T07:51:07+00:00\" \/>\n<meta property=\"og:image\" content=\"https:\/\/la-suite-villa.com\/wp-content\/uploads\/2025\/04\/spa-martinique2-min.webp\" \/>\n\t<meta property=\"og:image:width\" content=\"2000\" \/>\n\t<meta property=\"og:image:height\" content=\"1333\" \/>\n\t<meta property=\"og:image:type\" content=\"image\/webp\" \/>\n<meta name=\"twitter:card\" content=\"summary_large_image\" \/>\n<meta name=\"twitter:label1\" content=\"Tiempo de lectura\" \/>\n\t<meta name=\"twitter:data1\" content=\"2 minutos\" \/>\n<script type=\"application\/ld+json\" class=\"yoast-schema-graph\">{\"@context\":\"https:\\\/\\\/schema.org\",\"@graph\":[{\"@type\":\"WebPage\",\"@id\":\"https:\\\/\\\/la-suite-villa.com\\\/es\\\/spa\\\/\",\"url\":\"https:\\\/\\\/la-suite-villa.com\\\/es\\\/spa\\\/\",\"name\":\"Spa - La Suite Villa - H\u00f4tel de charme en Martinique\",\"isPartOf\":{\"@id\":\"https:\\\/\\\/la-suite-villa.com\\\/#website\"},\"primaryImageOfPage\":{\"@id\":\"https:\\\/\\\/la-suite-villa.com\\\/es\\\/spa\\\/#primaryimage\"},\"image\":{\"@id\":\"https:\\\/\\\/la-suite-villa.com\\\/es\\\/spa\\\/#primaryimage\"},\"thumbnailUrl\":\"https:\\\/\\\/la-suite-villa.com\\\/wp-content\\\/uploads\\\/2025\\\/04\\\/spa-martinique2-min-1024x682.webp\",\"datePublished\":\"2025-03-27T10:45:42+00:00\",\"dateModified\":\"2025-04-07T07:51:07+00:00\",\"breadcrumb\":{\"@id\":\"https:\\\/\\\/la-suite-villa.com\\\/es\\\/spa\\\/#breadcrumb\"},\"inLanguage\":\"es\",\"potentialAction\":[{\"@type\":\"ReadAction\",\"target\":[\"https:\\\/\\\/la-suite-villa.com\\\/es\\\/spa\\\/\"]}]},{\"@type\":\"ImageObject\",\"inLanguage\":\"es\",\"@id\":\"https:\\\/\\\/la-suite-villa.com\\\/es\\\/spa\\\/#primaryimage\",\"url\":\"https:\\\/\\\/la-suite-villa.com\\\/wp-content\\\/uploads\\\/2025\\\/04\\\/spa-martinique2-min-1024x682.webp\",\"contentUrl\":\"https:\\\/\\\/la-suite-villa.com\\\/wp-content\\\/uploads\\\/2025\\\/04\\\/spa-martinique2-min-1024x682.webp\"},{\"@type\":\"BreadcrumbList\",\"@id\":\"https:\\\/\\\/la-suite-villa.com\\\/es\\\/spa\\\/#breadcrumb\",\"itemListElement\":[{\"@type\":\"ListItem\",\"position\":1,\"name\":\"Accueil\",\"item\":\"https:\\\/\\\/la-suite-villa.com\\\/es\\\/\"},{\"@type\":\"ListItem\",\"position\":2,\"name\":\"Spa\"}]},{\"@type\":\"WebSite\",\"@id\":\"https:\\\/\\\/la-suite-villa.com\\\/#website\",\"url\":\"https:\\\/\\\/la-suite-villa.com\\\/\",\"name\":\"La Suite Villa - H\u00f4tel de charme en Martinique\",\"description\":\"\",\"publisher\":{\"@id\":\"https:\\\/\\\/la-suite-villa.com\\\/#organization\"},\"potentialAction\":[{\"@type\":\"SearchAction\",\"target\":{\"@type\":\"EntryPoint\",\"urlTemplate\":\"https:\\\/\\\/la-suite-villa.com\\\/?s={search_term_string}\"},\"query-input\":{\"@type\":\"PropertyValueSpecification\",\"valueRequired\":true,\"valueName\":\"search_term_string\"}}],\"inLanguage\":\"es\"},{\"@type\":\"Organization\",\"@id\":\"https:\\\/\\\/la-suite-villa.com\\\/#organization\",\"name\":\"La Suite Villa - H\u00f4tel de charme en Martinique\",\"url\":\"https:\\\/\\\/la-suite-villa.com\\\/\",\"logo\":{\"@type\":\"ImageObject\",\"inLanguage\":\"es\",\"@id\":\"https:\\\/\\\/la-suite-villa.com\\\/#\\\/schema\\\/logo\\\/image\\\/\",\"url\":\"https:\\\/\\\/la-suite-villa.com\\\/wp-content\\\/uploads\\\/2025\\\/03\\\/logo-slider_rose.png\",\"contentUrl\":\"https:\\\/\\\/la-suite-villa.com\\\/wp-content\\\/uploads\\\/2025\\\/03\\\/logo-slider_rose.png\",\"width\":380,\"height\":270,\"caption\":\"La Suite Villa - H\u00f4tel de charme en Martinique\"},\"image\":{\"@id\":\"https:\\\/\\\/la-suite-villa.com\\\/#\\\/schema\\\/logo\\\/image\\\/\"}}]}<\/script>\n<!-- \/ Yoast SEO plugin. -->","yoast_head_json":{"title":"Spa - La Suite Villa - H\u00f4tel de charme en Martinique","robots":{"index":"index","follow":"follow","max-snippet":"max-snippet:-1","max-image-preview":"max-image-preview:large","max-video-preview":"max-video-preview:-1"},"canonical":"https:\/\/la-suite-villa.com\/es\/spa\/","og_locale":"es_ES","og_type":"article","og_title":"Spa - La Suite Villa - H\u00f4tel de charme en Martinique","og_description":"Experiencia de spa en La Suite Villa Nuestro spa frente al mar En colaboraci\u00f3n con L&#8217;OCCITANE, una prestigiosa marca de cosm\u00e9ticos del sur de Francia, hemos creado un remanso de paz con vistas a la bah\u00eda de Fort de France.El aire del mar, las manos expertas de nuestros profesionales, los aromas de productos excepcionales, cada [&hellip;]","og_url":"https:\/\/la-suite-villa.com\/es\/spa\/","og_site_name":"La Suite Villa - H\u00f4tel de charme en Martinique","article_modified_time":"2025-04-07T07:51:07+00:00","og_image":[{"width":2000,"height":1333,"url":"https:\/\/la-suite-villa.com\/wp-content\/uploads\/2025\/04\/spa-martinique2-min.webp","type":"image\/webp"}],"twitter_card":"summary_large_image","twitter_misc":{"Tiempo de lectura":"2 minutos"},"schema":{"@context":"https:\/\/schema.org","@graph":[{"@type":"WebPage","@id":"https:\/\/la-suite-villa.com\/es\/spa\/","url":"https:\/\/la-suite-villa.com\/es\/spa\/","name":"Spa - La Suite Villa - H\u00f4tel de charme en Martinique","isPartOf":{"@id":"https:\/\/la-suite-villa.com\/#website"},"primaryImageOfPage":{"@id":"https:\/\/la-suite-villa.com\/es\/spa\/#primaryimage"},"image":{"@id":"https:\/\/la-suite-villa.com\/es\/spa\/#primaryimage"},"thumbnailUrl":"https:\/\/la-suite-villa.com\/wp-content\/uploads\/2025\/04\/spa-martinique2-min-1024x682.webp","datePublished":"2025-03-27T10:45:42+00:00","dateModified":"2025-04-07T07:51:07+00:00","breadcrumb":{"@id":"https:\/\/la-suite-villa.com\/es\/spa\/#breadcrumb"},"inLanguage":"es","potentialAction":[{"@type":"ReadAction","target":["https:\/\/la-suite-villa.com\/es\/spa\/"]}]},{"@type":"ImageObject","inLanguage":"es","@id":"https:\/\/la-suite-villa.com\/es\/spa\/#primaryimage","url":"https:\/\/la-suite-villa.com\/wp-content\/uploads\/2025\/04\/spa-martinique2-min-1024x682.webp","contentUrl":"https:\/\/la-suite-villa.com\/wp-content\/uploads\/2025\/04\/spa-martinique2-min-1024x682.webp"},{"@type":"BreadcrumbList","@id":"https:\/\/la-suite-villa.com\/es\/spa\/#breadcrumb","itemListElement":[{"@type":"ListItem","position":1,"name":"Accueil","item":"https:\/\/la-suite-villa.com\/es\/"},{"@type":"ListItem","position":2,"name":"Spa"}]},{"@type":"WebSite","@id":"https:\/\/la-suite-villa.com\/#website","url":"https:\/\/la-suite-villa.com\/","name":"La Suite Villa - H\u00f4tel de charme en Martinique","description":"","publisher":{"@id":"https:\/\/la-suite-villa.com\/#organization"},"potentialAction":[{"@type":"SearchAction","target":{"@type":"EntryPoint","urlTemplate":"https:\/\/la-suite-villa.com\/?s={search_term_string}"},"query-input":{"@type":"PropertyValueSpecification","valueRequired":true,"valueName":"search_term_string"}}],"inLanguage":"es"},{"@type":"Organization","@id":"https:\/\/la-suite-villa.com\/#organization","name":"La Suite Villa - H\u00f4tel de charme en Martinique","url":"https:\/\/la-suite-villa.com\/","logo":{"@type":"ImageObject","inLanguage":"es","@id":"https:\/\/la-suite-villa.com\/#\/schema\/logo\/image\/","url":"https:\/\/la-suite-villa.com\/wp-content\/uploads\/2025\/03\/logo-slider_rose.png","contentUrl":"https:\/\/la-suite-villa.com\/wp-content\/uploads\/2025\/03\/logo-slider_rose.png","width":380,"height":270,"caption":"La Suite Villa - H\u00f4tel de charme en Martinique"},"image":{"@id":"https:\/\/la-suite-villa.com\/#\/schema\/logo\/image\/"}}]}},"_links":{"self":[{"href":"https:\/\/la-suite-villa.com\/es\/wp-json\/wp\/v2\/pages\/3275","targetHints":{"allow":["GET"]}}],"collection":[{"href":"https:\/\/la-suite-villa.com\/es\/wp-json\/wp\/v2\/pages"}],"about":[{"href":"https:\/\/la-suite-villa.com\/es\/wp-json\/wp\/v2\/types\/page"}],"author":[{"embeddable":true,"href":"https:\/\/la-suite-villa.com\/es\/wp-json\/wp\/v2\/users\/2"}],"replies":[{"embeddable":true,"href":"https:\/\/la-suite-villa.com\/es\/wp-json\/wp\/v2\/comments?post=3275"}],"version-history":[{"count":4,"href":"https:\/\/la-suite-villa.com\/es\/wp-json\/wp\/v2\/pages\/3275\/revisions"}],"predecessor-version":[{"id":3283,"href":"https:\/\/la-suite-villa.com\/es\/wp-json\/wp\/v2\/pages\/3275\/revisions\/3283"}],"wp:attachment":[{"href":"https:\/\/la-suite-villa.com\/es\/wp-json\/wp\/v2\/media?parent=3275"}],"curies":[{"name":"wp","href":"https:\/\/api.w.org\/{rel}","templated":true}]}}